
	
				{"id":4128,"date":"2015-02-20T12:54:32","date_gmt":"2015-02-20T11:54:32","guid":{"rendered":"http:\/\/totformatge.com\/es\/?page_id=4128"},"modified":"2019-09-27T19:05:26","modified_gmt":"2019-09-27T17:05:26","slug":"contacto","status":"publish","type":"page","link":"https:\/\/totformatge.com\/es\/contacto\/","title":{"rendered":"Contacto"},"content":{"rendered":"<h3>Tot Formatge<\/h3>\n<p>Constituci\u00f3, 60, nau 13<br \/>\nPol. Ind. Les Grases<br \/>\n08980 Sant Feliu de Llobregat, Barcelona<br \/>\nTel: +34 936 669 770<br \/>\nFax: 936 850 426<br \/>\nEscr\u00edbenos un e-mail rellenando\u00a0el <strong><a href=\"#formulari\">formulario<\/a><\/strong>\u00a0m\u00e1s abajo.<\/p>\n<p><iframe style=\"border: 0;\" data-src=\"https:\/\/www.google.com\/maps\/embed?pb=!1m18!1m12!1m3!1d2993.2839248514806!2d2.0416050000000108!3d41.38963999999999!2m3!1f0!2f0!3f0!3m2!1i1024!2i768!4f13.1!3m3!1m2!1s0x12a49a4ec9169c2f%3A0x74a15b51fd88c61d!2sTotformatge+2+SL!5e0!3m2!1sca!2ses!4v1424435904965\" width=\"100%\" height=\"300\" frameborder=\"0\" src=\"data:image\/svg+xml;base64,PHN2ZyB3aWR0aD0iMSIgaGVpZ2h0PSIxIiB4bWxucz0iaHR0cDovL3d3dy53My5vcmcvMjAwMC9zdmciPjwvc3ZnPg==\" class=\"lazyload\" data-load-mode=\"1\"><\/iframe><br \/>\n<a id=\"formulari\"><\/a><\/p>\n\n<div class=\"wpcf7 no-js\" id=\"wpcf7-f6591-o1\" lang=\"ca\" dir=\"ltr\" data-wpcf7-id=\"6591\">\n<div class=\"screen-reader-response\"><p role=\"status\" aria-live=\"polite\" aria-atomic=\"true\"><\/p> <ul><\/ul><\/div>\n<form action=\"\/es\/wp-json\/wp\/v2\/pages\/4128#wpcf7-f6591-o1\" method=\"post\" class=\"wpcf7-form init\" aria-label=\"Formulari de contacte\" novalidate=\"novalidate\" data-status=\"init\">\n<fieldset class=\"hidden-fields-container\"><input type=\"hidden\" name=\"_wpcf7\" value=\"6591\" \/><input type=\"hidden\" name=\"_wpcf7_version\" value=\"6.1.2\" \/><input type=\"hidden\" name=\"_wpcf7_locale\" value=\"ca\" \/><input type=\"hidden\" name=\"_wpcf7_unit_tag\" value=\"wpcf7-f6591-o1\" \/><input type=\"hidden\" name=\"_wpcf7_container_post\" value=\"0\" \/><input type=\"hidden\" name=\"_wpcf7_posted_data_hash\" value=\"\" \/><input type=\"hidden\" name=\"_wpcf7_recaptcha_response\" value=\"\" \/>\n<\/fieldset>\n<ol class=\"forms\">\n\t<li>\n\t\t<p><label for=\"contactName\">Nombre<\/label><span class=\"wpcf7-form-control-wrap\" data-name=\"your-name\"><input size=\"40\" maxlength=\"400\" class=\"wpcf7-form-control wpcf7-text wpcf7-validates-as-required\" aria-required=\"true\" aria-invalid=\"false\" value=\"\" type=\"text\" name=\"your-name\" \/><\/span>\n\t\t<\/p>\n\t<\/li>\n\t<li>\n\t\t<p><label for=\"email\">Email<\/label><span class=\"wpcf7-form-control-wrap\" data-name=\"your-email\"><input size=\"40\" maxlength=\"400\" class=\"wpcf7-form-control wpcf7-email wpcf7-validates-as-required wpcf7-text wpcf7-validates-as-email\" aria-required=\"true\" aria-invalid=\"false\" value=\"\" type=\"email\" name=\"your-email\" \/><\/span>\n\t\t<\/p>\n\t<\/li>\n\t<li class=\"textarea\">\n\t\t<p><label for=\"commentsText\">Mensaje<\/label><span class=\"wpcf7-form-control-wrap\" data-name=\"your-message\"><textarea cols=\"40\" rows=\"10\" maxlength=\"2000\" class=\"wpcf7-form-control wpcf7-textarea\" aria-invalid=\"false\" name=\"your-message\"><\/textarea><\/span>\n\t\t<\/p>\n\t<\/li>\n\t<li class=\"inline\">\n\t\t<p><span class=\"wpcf7-form-control-wrap\" data-name=\"acceptance-379\"><span class=\"wpcf7-form-control wpcf7-acceptance\"><span class=\"wpcf7-list-item\"><label><input type=\"checkbox\" name=\"acceptance-379\" value=\"1\" aria-invalid=\"false\" \/><span class=\"wpcf7-list-item-label\">Acepto los condiciones de Protecci\u00f3n de datos<\/span><\/label><\/span><\/span><\/span>\n\t\t<\/p>\n\t<\/li>\n\t<li class=\"buttons\">\n\t\t<p><input class=\"wpcf7-form-control wpcf7-submit has-spinner\" type=\"submit\" value=\"Envia\" \/>\n\t\t<\/p>\n\t<\/li>\n<\/ol>\n<div class=\"confirma\">\n\t<p>Los datos personales facilitados voluntariamente por usted, a trav\u00e9s del presente formulario web ser\u00e1n tratados, por TOT FORMATGE 2, S.L. como responsable del tratamiento, con la finalidad de atender su solicitud o consulta, sin que se produzca comunicaciones o cesiones de datos y conservados durante los plazos necesarios para atender su solicitud. Puede usted ejercer los derechos de acceso, rectificaci\u00f3n o supresi\u00f3n de sus datos, dirigi\u00e9ndose a Calle Constituci\u00f3, 60 Nau 13, Polig. Ind. Les Grases, 08980 Sant Feliu de Llobregat (Barcelona), para m\u00e1s informaci\u00f3n al respecto, puede consultar nuestra <a href=\"http:\/\/totformatge.com\/es\/politica-de-privacidad\/\">Pol\u00edtica de Privacidad<\/a>\n\t<\/p>\n<\/div><p style=\"display: none !important;\" class=\"akismet-fields-container\" data-prefix=\"_wpcf7_ak_\"><label>&#916;<textarea name=\"_wpcf7_ak_hp_textarea\" cols=\"45\" rows=\"8\" maxlength=\"100\"><\/textarea><\/label><input type=\"hidden\" id=\"ak_js_1\" name=\"_wpcf7_ak_js\" value=\"128\"\/><script>document.getElementById( \"ak_js_1\" ).setAttribute( \"value\", ( new Date() ).getTime() );<\/script><\/p><div class=\"wpcf7-response-output\" aria-hidden=\"true\"><\/div>\n<\/form>\n<\/div>\n\n","protected":false},"excerpt":{"rendered":"<p>Tot Formatge Constituci\u00f3, 60, nau 13 Pol. Ind. Les Grases 08980 Sant Feliu de Llobregat, Barcelona Tel: +34 936 669 770 Fax: 936 850 426 Escr\u00edbenos un e-mail rellenando\u00a0el formulario\u00a0m\u00e1s abajo.<\/p>\n","protected":false},"author":4,"featured_media":0,"parent":0,"menu_order":0,"comment_status":"closed","ping_status":"closed","template":"template-contact.php","meta":{"footnotes":""},"class_list":["post-4128","page","type-page","status-publish","hentry"],"_links":{"self":[{"href":"https:\/\/totformatge.com\/es\/wp-json\/wp\/v2\/pages\/4128","targetHints":{"allow":["GET"]}}],"collection":[{"href":"https:\/\/totformatge.com\/es\/wp-json\/wp\/v2\/pages"}],"about":[{"href":"https:\/\/totformatge.com\/es\/wp-json\/wp\/v2\/types\/page"}],"author":[{"embeddable":true,"href":"https:\/\/totformatge.com\/es\/wp-json\/wp\/v2\/users\/4"}],"replies":[{"embeddable":true,"href":"https:\/\/totformatge.com\/es\/wp-json\/wp\/v2\/comments?post=4128"}],"version-history":[{"count":7,"href":"https:\/\/totformatge.com\/es\/wp-json\/wp\/v2\/pages\/4128\/revisions"}],"predecessor-version":[{"id":6592,"href":"https:\/\/totformatge.com\/es\/wp-json\/wp\/v2\/pages\/4128\/revisions\/6592"}],"wp:attachment":[{"href":"https:\/\/totformatge.com\/es\/wp-json\/wp\/v2\/media?parent=4128"}],"curies":[{"name":"wp","href":"https:\/\/api.w.org\/{rel}","templated":true}]}}